{"id":38,"date":"2020-02-29T02:14:53","date_gmt":"2020-02-29T02:14:53","guid":{"rendered":"http:\/\/mentoriaorganica.net\/portal\/?page_id=38"},"modified":"2020-03-02T02:18:50","modified_gmt":"2020-03-02T02:18:50","slug":"mapa-de-atuacao","status":"publish","type":"page","link":"http:\/\/mentoriaorganica.net\/portal\/mapa-de-atuacao\/","title":{"rendered":"Mapa de Atua\u00e7\u00e3o"},"content":{"rendered":"\n<p class=\"has-medium-font-size\">Muitos foram os caminhos que percorremos at\u00e9 chegar aqui. Queremos convid\u00e1-lo a dar uma espiada em alguns dos percursos que sistematizamos. <\/p>\n\n\n\n<p class=\"has-medium-font-size\">Criamos um Mapa da Mentoria Org\u00e2nica onde quase sempre relacionamos alguns links do que realizamos nesses territ\u00f3rios ou localidades. Navegue em uma nova janela se preferir.<\/p>\n\n\n\n<p><\/p>\n\n\n\n<center><iframe src=\"https:\/\/www.google.com\/maps\/d\/embed?mid=1Pah9zPVMMTwJ35WyM7WnSo7Zwpnz_YNd\" width=\"640\" height=\"480\"><\/iframe><\/center>\n\n\n\n<p><\/p>\n\n\n\n<p class=\"has-medium-font-size\">Que tal se juntos criarmos mais um ponto de conex\u00e3o nesse mapa e escrevermos juntos um novo cap\u00edtulo de nossas hist\u00f3rias?<\/p>\n\n\n\n<p class=\"has-medium-font-size\">Para motivar um encontro, quero comentar que desde de 2017 estamos sistematizando nossas andan\u00e7as em um formato de revista anual. Convidamos voc\u00ea a conhecer a primeira edi\u00e7\u00e3o da Premacultura &#8211; Cultivando o amor permanente. A palavra em S\u00e2nscrito &#8220;Prema&#8221; significa &#8220;Amor Puro&#8221;.<br><\/p>\n\n\n<a href=\"http:\/\/mentoriaorganica.net\/pdf\/premacultura\/premacultura0717.pdf\" class=\"pdfemb-viewer\" style=\"\" data-width=\"max\" data-height=\"max\"  data-toolbar=\"bottom\" data-toolbar-fixed=\"off\">premacultura0717<br\/><\/a>\n\n\n\n<p><\/p>\n\n\n\n<p class=\"has-medium-font-size\">A segunda edi\u00e7\u00e3o de 2018 pode ser lida na sequ\u00eancia e tr\u00e1s novas aventuras org\u00e2nicas sistematizadas.<\/p>\n\n\n\n<p><\/p>\n\n\n<a href=\"http:\/\/mentoriaorganica.net\/pdf\/premacultura\/premacultura0718.pdf\" class=\"pdfemb-viewer\" style=\"\" data-width=\"max\" data-height=\"max\"  data-toolbar=\"bottom\" data-toolbar-fixed=\"off\">premacultura0718<br\/><\/a>\n","protected":false},"excerpt":{"rendered":"<p>Muitos foram os caminhos que percorremos at\u00e9 chegar aqui. Queremos convid\u00e1-lo a dar uma espiada em alguns dos percursos que sistematizamos. Criamos um Mapa da Mentoria Org\u00e2nica onde quase sempre &#8230;<\/p>\n","protected":false},"author":1,"featured_media":42,"parent":0,"menu_order":0,"comment_status":"closed","ping_status":"closed","template":"","meta":[],"_links":{"self":[{"href":"http:\/\/mentoriaorganica.net\/portal\/wp-json\/wp\/v2\/pages\/38"}],"collection":[{"href":"http:\/\/mentoriaorganica.net\/portal\/wp-json\/wp\/v2\/pages"}],"about":[{"href":"http:\/\/mentoriaorganica.net\/portal\/wp-json\/wp\/v2\/types\/page"}],"author":[{"embeddable":true,"href":"http:\/\/mentoriaorganica.net\/portal\/wp-json\/wp\/v2\/users\/1"}],"replies":[{"embeddable":true,"href":"http:\/\/mentoriaorganica.net\/portal\/wp-json\/wp\/v2\/comments?post=38"}],"version-history":[{"count":7,"href":"http:\/\/mentoriaorganica.net\/portal\/wp-json\/wp\/v2\/pages\/38\/revisions"}],"predecessor-version":[{"id":90,"href":"http:\/\/mentoriaorganica.net\/portal\/wp-json\/wp\/v2\/pages\/38\/revisions\/90"}],"wp:featuredmedia":[{"embeddable":true,"href":"http:\/\/mentoriaorganica.net\/portal\/wp-json\/wp\/v2\/media\/42"}],"wp:attachment":[{"href":"http:\/\/mentoriaorganica.net\/portal\/wp-json\/wp\/v2\/media?parent=38"}],"curies":[{"name":"wp","href":"https:\/\/api.w.org\/{rel}","templated":true}]}}