{"id":25,"date":"2020-02-29T01:51:27","date_gmt":"2020-02-29T01:51:27","guid":{"rendered":"http:\/\/mentoriaorganica.net\/portal\/?page_id=25"},"modified":"2020-05-31T17:05:45","modified_gmt":"2020-05-31T17:05:45","slug":"quem-somos","status":"publish","type":"page","link":"http:\/\/mentoriaorganica.net\/portal\/quem-somos\/","title":{"rendered":"Origem"},"content":{"rendered":"\n<figure class=\"wp-block-image size-large\"><img loading=\"lazy\" width=\"1024\" height=\"647\" src=\"https:\/\/mentoriaorganica.net\/portal\/wp-content\/uploads\/2020\/02\/Naciones-unidas-del-espiritu-4-1-1024x647.jpg\" alt=\"\" class=\"wp-image-68\" srcset=\"http:\/\/mentoriaorganica.net\/portal\/wp-content\/uploads\/2020\/02\/Naciones-unidas-del-espiritu-4-1-1024x647.jpg 1024w, http:\/\/mentoriaorganica.net\/portal\/wp-content\/uploads\/2020\/02\/Naciones-unidas-del-espiritu-4-1-300x189.jpg 300w, http:\/\/mentoriaorganica.net\/portal\/wp-content\/uploads\/2020\/02\/Naciones-unidas-del-espiritu-4-1-768x485.jpg 768w, http:\/\/mentoriaorganica.net\/portal\/wp-content\/uploads\/2020\/02\/Naciones-unidas-del-espiritu-4-1-1536x970.jpg 1536w, http:\/\/mentoriaorganica.net\/portal\/wp-content\/uploads\/2020\/02\/Naciones-unidas-del-espiritu-4-1.jpg 1710w\" sizes=\"(max-width: 1024px) 100vw, 1024px\" \/><\/figure>\n\n\n\n<p class=\"has-medium-font-size\">A Mentoria Org\u00e2nica \u00e9 uma oferenda as Naciones Unidas del Espiritu, ou seja, todos os povos origin\u00e1rios que buscam estar e criar harmonia entre todos os seres. <\/p>\n\n\n\n<p class=\"has-medium-font-size\">Ela nasce juntamente com a declara\u00e7\u00e3o das tribos ancestrais durante a KIVA (foto acima) de Dezembro de 2016 em Varsana EcoYoga Aldeia na Col\u00f4mbia. <\/p>\n\n\n\n<p class=\"has-medium-font-size\">A <a href=\"https:\/\/l.facebook.com\/l.php?u=https%3A%2F%2Fmedium.com%2F%40Premavatar%2Fdeclara%25C3%25A7%25C3%25A3o-das-na%25C3%25A7%25C3%25B5es-unidas-do-esp%25C3%25ADrito-c66a199fcaf9%3Ffbclid%3DIwAR0x8UVPKscUDrvZBCRFojF6CwQbnoE5CSc_spbxAkmuqtJcAgotcYFccTs&amp;h=AT1o9SviW7UZrv3Wwz1Da1QU1w5p6bn-pHtSdN1wnhUS3-XiVUHOqLGcmkrJDosAkwA0rO1vkaTHqfsG8SgLYaMWQkBgHll8itmpA1X0wYT8cRuslm1xq_dB7kOzb8c4LC6hjoqZMUXlIA\" target=\"_blank\" rel=\"noreferrer noopener\">declara\u00e7\u00e3o dos povos ancestrais<\/a>  nos solicitam um urgente acordo entre consumo vis\u00e3o e cosmos vis\u00f5es com a inten\u00e7\u00e3o de evitar mais cat\u00e1strofes a natureza, evitando assim, mais <a href=\"https:\/\/l.facebook.com\/l.php?u=https%3A%2F%2Fmedium.com%2F%40Premavatar%2Fecosistemas-comunitarios-post-desastres-ecuador-da3eb0c39148%3Ffbclid%3DIwAR1ZTXOrH9QmjPAmhCm7o0VduKQHreGU_eIeFGWZRHo4--rFM9Jcp2WIBeQ&amp;h=AT0qLwUwjUfP_ONf6R-4SkwL_Vv0Yo2-eDgD4C8Ln09w1apFnTdsK7B51Mpre9FwBXmRUfxs2XrRwhp7xS3a4Y7kndmxJV1e66HJjZkiyxBrkce89PEsSTRnBmNOJ-2-X9_qOE7cOgubeg\" target=\"_blank\" rel=\"noreferrer noopener\">rea\u00e7\u00f5es adversas a humanidade<\/a>. Este acordo foi revelado de <a href=\"https:\/\/l.facebook.com\/l.php?u=https%3A%2F%2Fmedium.com%2F%40Premavatar%2Fcosmogeocracia-233d38638076%3Ffbclid%3DIwAR2gxU2rBTRedWGzadHW2QzIxQTqHDmqHNUzVZp6aw1YO1E8w1SDcsmYmAU&amp;h=AT2-5Ra0PbfDl9BrAUUb1Xrd4WirI4sGcwmpwkNBTyctpGPsXIYtTiAPE9NVEHa9guRUZCzh6yFQZJmnhg7kZ4Pu2EpYVuiSEHYKjNXiqXDr6SKqeEHlIY0CdTBG3zw2j7nmc59NCu_OIQ\" target=\"_blank\" rel=\"noreferrer noopener\">cosmogeocracia<\/a>.<\/p>\n\n\n\n<p class=\"has-medium-font-size\">O prop\u00f3sito da Mentoria Org\u00e2nica \u00e9 expandir por meio da vis\u00e3o e miss\u00e3o da Universidade de Sabedoria Ancestral Internacional <a href=\"https:\/\/medium.com\/@Premavatar\/o-recordar-dos-av%C3%B3s-da-consumo-vis%C3%A3o-c9d2d7df40ca?fbclid=IwAR2SCez_rimTSgVbVTHUsfecTFZBNB4T6KtnUG4DKWxCxZ2dX82g2dcDdFg\" target=\"_blank\" rel=\"noreferrer noopener\">o chamado de sermos guardi\u00f5es da natureza<\/a> e da vis\u00e3o ancestral. Os seres humanos s\u00e3o os <a href=\"https:\/\/medium.com\/@Premavatar\/a-semente-do-masculino-sagrado-241193ad657?fbclid=IwAR3tvEo_1IR6aeYnJzUnydJ8tlND-ERYbP-iTrwWI8xbzM1N25wqjigG5KU\" target=\"_blank\" rel=\"noreferrer noopener\">guardi\u00f5es das sementes e da fonte geradora da vida<\/a>.Atrav\u00e9s do resgate ancestral juntamente com as metodologias colaborativas e participativas temos desenvolvido projetos regenerativos, desde do pensamento humano, passando pela <a href=\"https:\/\/l.facebook.com\/l.php?u=https%3A%2F%2Fmedium.com%2F%40Premavatar%2Ffluxa-a-plataforma-do-fluxo-2b96fbc39fa5%3Ffbclid%3DIwAR2n0Qd58tbkGJv5KMHIB3CHQV2q_w4Kk_Pt6oXjzaQcM2HmoEbS1Qde5uM&amp;h=AT3NPVWwLV0ts8R9Qwbf2TtFMMzCDf2Gj3VRo3Nzs9vB78pp-gYkmSsvAL6RU_PkeJsLPV4IHUL2Wy1MDCqD7pMhqWNOL5oPOxwk_uhfKkEJ68fwHO79NSaIdQYo0ZmWZiP1qnAiGlX6Kw\" target=\"_blank\" rel=\"noreferrer noopener\">economia<\/a>, <a href=\"https:\/\/l.facebook.com\/l.php?u=https%3A%2F%2Fmedium.com%2F%40Premavatar%2Fcolaborat%25C3%25B3rios-como-estrat%25C3%25A9gias-para-uma-pol%25C3%25ADtica-criativa-e-colaborativa-cc1c5718d4f6%3Ffbclid%3DIwAR1jAKwRn-ci_5sHBb7YE-gM6_Tk7Yq4wTK3EREQQKv5ty8J8YufqbzkiqI&amp;h=AT37MnF03Wi4Uf9VPLqdnf4jf4NBXMZBxWvsIo_Ygg9M2RaJCQP8z5T7oSiJUMx8gDRgQHq--LLCVA0PaCzZBjOVRpcEC__bCDGlPon53rBJQVuRI9SChc16fzGOLeqKjJ2d8UJ1mfBfYA\" target=\"_blank\" rel=\"noreferrer noopener\">pol\u00edtica<\/a>, <a href=\"https:\/\/l.facebook.com\/l.php?u=https%3A%2F%2Fmedium.com%2F%40Premavatar%2Fcidades-criativas-casos-de-estudos-pr%C3%A1ticos-1d39317047bf%3Ffbclid%3DIwAR0qzorM57ZMArSf5Ibuklny89NNtSyspakAT6du3GTbYe4RYKPnOY_d9Oo&amp;h=AT1oWw-En3eKji3TT6YFRPD54XYaep_7GRtuWx0HzAxamt5l6kyn_OsXOxsYs8ZDPaF2_BkJ7cB583UD22b1KEA9nDd2X64FTg981Lgr4OiAoY1RtN15fTRtOqpvYbAg68aimik1EMASQg\" target=\"_blank\" rel=\"noreferrer noopener\">sociedade<\/a>, <a href=\"https:\/\/l.facebook.com\/l.php?u=https%3A%2F%2Fmedium.com%2F%40Premavatar%2Frede-acolhimento-colaborativa-um-modelo-de-projeto-colaborativo-%25C3%25AAxito-no-sistema-de-acolhimento-6e4c88d91634%3Ffbclid%3DIwAR1r9fPsbPexHvPDnXjhP8DG4kVBwmoT4lYab99MwE8fo3ZiM31ofUzRvhg&amp;h=AT04S67hEXx6Xt-4cqdX6sOEwnPNp3lkwX-c79soy-Txf0LWud6r10tLAyOe0FzivuZZSdsAOiOfMKWkkpmP5fO_bgC7nYc5LkrLLZ6BS-9PsuqxkUDUBu_rOuvS6Jx0UBP9JtG5HOfCGA\" target=\"_blank\" rel=\"noreferrer noopener\">cultura<\/a> e <a href=\"https:\/\/l.facebook.com\/l.php?u=https%3A%2F%2Fmedium.com%2F%40Premavatar%2Fa-semente-do-masculino-sagrado-241193ad657%3Ffbclid%3DIwAR2VuuzI1sGA0Sfsx7DS9v_KCRECLnZj19hzimfB-Vz5CBY9ONC8aUeO5tA&amp;h=AT1zi23FCEOz-icGH_22qGVqKTy4mIedEyp2EoaQvWgCbxcJQo91qKB3580jryeTtB7y-pbJUszQ8CBjmBX3pWEMma0_OnWDJnA3o6nv4RnJukmFlytRv1ajKe1oXZj2hV_ycjN6PmzxuzclGO_VI1-g0jQ\" target=\"_blank\" rel=\"noreferrer noopener\">sa\u00fade integrativa<\/a> levando a todos <a href=\"https:\/\/l.facebook.com\/l.php?u=https%3A%2F%2Fmedium.com%2F%40Premavatar%2Fimpact-experience-modelo-de-empreendedorismo-social-aberto-765f75efcd97%3Ffbclid%3DIwAR1AWy8ZjMYdv7tvFr9j5UvzcL-2zPF9rnqoFCeiIyt4WVyGwrj9SSE5p_k&amp;h=AT2n7UrEAyFbK_JuGTbkwUe0zA-s3wWgJxNGFM5rhUDho8USiiaqs0xecjfDHPyBL3lNr0XFdwA4DLZ8afcDYPBpDoOxvE-UjABs_x-zLbyiQRBRfP_IcxnHpcRFYe-4lsiT3jV9-vlEEA\" target=\"_blank\" rel=\"noreferrer noopener\">modelos de transforma\u00e7\u00e3o social abertos<\/a>.  <\/p>\n\n\n\n<p class=\"has-medium-font-size\">Apreciando o chamado e orienta\u00e7\u00e3o de nossos mentores, autoridades fidedignas espirituais, estamos de acordo com suas instru\u00e7\u00f5es entregando a palavra alento, a limpeza e o cuidado sobre a import\u00e2ncia de ordenar nossos sentidos e atuar em rede dentro da ess\u00eancia natural.<\/p>\n\n\n\n<p class=\"has-medium-font-size\">Esse processo, foi empreendido pelos facilitadores que aqui organizam as experi\u00eancias, jornadas, percursos e imers\u00f5es, a principal chamamos de Forma\u00e7\u00e3o de Facilitadores de Projetos Colaborativos. <\/p>\n\n\n\n<p class=\"has-medium-font-size\">A forma\u00e7\u00e3o vem com uma proposta de <a href=\"https:\/\/web.facebook.com\/groups\/279781349099209\/\">cultivar projetos colaborativos<\/a> com o intuito de sistematizar novos paradigmas de projetos, gerando transforma\u00e7\u00f5es, transi\u00e7\u00f5es, transgress\u00f5es e <a rel=\"noreferrer noopener\" href=\"https:\/\/l.facebook.com\/l.php?u=https%3A%2F%2Fmedium.com%2F%40Premavatar%2Fsantos-facilitadores-%25C3%25A9-um-conjunto-de-experi%25C3%25AAncias-vividas-a-luz-de-dois-processos-bhakti-yoga-e-6a61c0db5108%3Ffbclid%3DIwAR0t7C8C4IZRbjgwaTLGxo6I-Fulsh3AbVs99GeUDlBn7bxlETTQRoGo99Q&amp;h=AT2wTbnuKy6QZgINyV1CimUM6YAQYWPxWEDbiKT7brTUpLX1WwUUdc36vBTiKa0n8O7dOyYYoc_P2F_qIVkTz9fi4-Q05zwqG5sqA0rZRCvmEeQcVf3ottUXvryIQz8cundmnYGYB_rXaA\" target=\"_blank\">regenera\u00e7\u00e3o em nossas vidas<\/a>, <a rel=\"noreferrer noopener\" href=\"https:\/\/l.facebook.com\/l.php?u=https%3A%2F%2Fmedium.com%2F%40Premavatar%2Fcomo-formar-minha-equipe-dos-sonhos-3e70f3f08ebf%3Ffbclid%3DIwAR3aydfR1rKG_pOh52122aEkFWP9NVVmjgoYvTC4M7wjIYoKVoJlgZaqDGI&amp;h=AT3tEEqkY8jOmNCDrZjCeh0Xq8jmLVTe5kb22nE2BJZnsOEmdX_KCDpGjrsjuUVS4IGKiPwKZ6fwn1uE_OoqnM8m6DcwlfWi0WEWjDGlM1_wR3jIUUVhRlnTK-kA1DJ_ZOQBpABIFNda_Q\" target=\"_blank\">coletivos<\/a>, comunidades e cidades considerando <a rel=\"noreferrer noopener\" href=\"https:\/\/medium.com\/@Premavatar\/o-advento-da-premacultura-cb472922f942?fbclid=IwAR31FY7OPVj2tssRgezYe8dBiDSbk2BxzQphQHp-UlhiDIXr3Cxa3P_nrF8\" target=\"_blank\">um processo de 10 anos de busca<\/a> e pr\u00e1tica do facilitador e docente da Universidade de Sabedoria Ancestral, Prema Avatar Das e da facilitadora e docente da Universidade de Sabedoria Ancestral Govinda Jaya Jaya devi dasi. <\/p>\n\n\n<a href=\"http:\/\/mentoriaorganica.net\/pdf\/premacultura\/UNS-Kiva-Kumbha-Mela-2019.pdf\" class=\"pdfemb-viewer\" style=\"\" data-width=\"max\" data-height=\"max\"  data-toolbar=\"bottom\" data-toolbar-fixed=\"off\">UNS-Kiva-Kumbha-Mela-2019<br\/><\/a>\n\n\n\n<p><\/p>\n\n\n\n<p class=\"has-medium-font-size\">Em 2018 a <em><strong>Mentoria Org\u00e2nica<\/strong><\/em> foi respons\u00e1vel pelo processo de ativa\u00e7\u00e3o da UDSAENRED, um movimento que tem como objetivo conectar projetos, indiv\u00edduos, ou iniciativas que estejam na mesma egregora da UDSA &#8211; Universidade de Sabedoria Ancestral, por\u00e9m sem conex\u00e3o com a rede ou com outras conex\u00f5es a n\u00edvel internacional.<br><br>Foi Co-organizadora do <em><strong>Primeiro Encontro Internacional<\/strong><\/em> da UDSA &#8211; Universidade de Sabedoria Ancestral realizado no Vale Sagrado, no Peru.<br><br>Este evento teve o interesse de introduzir <em><strong>processos colaborativos, abertos e descentralizados<\/strong><\/em> atrav\u00e9s de encontros com com diversas lideran\u00e7as locais onde atrav\u00e9s de uma investiga\u00e7\u00e3o geramos perguntas como exemplo: <br><br><em>Como podemos atuar de forma distribu\u00edda, inspirando-nos desde da vis\u00e3o dos guardi\u00f5es e s\u00e1bios, integrando a autonomia e responsabilidade de experimentar ciclos \u00e1geis de a\u00e7\u00f5es com confian\u00e7a, compromisso, co cria\u00e7\u00e3o e conex\u00e3o a n\u00edvel internacional?<\/em> A resposta foi: Em Rede.<\/p>\n\n\n<a href=\"http:\/\/mentoriaorganica.net\/pdf\/udsa\/UDSAENRED_WEB.pdf\" class=\"pdfemb-viewer\" style=\"\" data-width=\"max\" data-height=\"max\"  data-toolbar=\"bottom\" data-toolbar-fixed=\"off\">UDSAENRED_WEB<br\/><\/a>\n","protected":false},"excerpt":{"rendered":"<p>A Mentoria Org\u00e2nica \u00e9 uma oferenda as Naciones Unidas del Espiritu, ou seja, todos os povos origin\u00e1rios que buscam estar e criar harmonia entre todos os seres. Ela nasce juntamente &#8230;<\/p>\n","protected":false},"author":1,"featured_media":74,"parent":0,"menu_order":0,"comment_status":"closed","ping_status":"closed","template":"","meta":[],"_links":{"self":[{"href":"http:\/\/mentoriaorganica.net\/portal\/wp-json\/wp\/v2\/pages\/25"}],"collection":[{"href":"http:\/\/mentoriaorganica.net\/portal\/wp-json\/wp\/v2\/pages"}],"about":[{"href":"http:\/\/mentoriaorganica.net\/portal\/wp-json\/wp\/v2\/types\/page"}],"author":[{"embeddable":true,"href":"http:\/\/mentoriaorganica.net\/portal\/wp-json\/wp\/v2\/users\/1"}],"replies":[{"embeddable":true,"href":"http:\/\/mentoriaorganica.net\/portal\/wp-json\/wp\/v2\/comments?post=25"}],"version-history":[{"count":16,"href":"http:\/\/mentoriaorganica.net\/portal\/wp-json\/wp\/v2\/pages\/25\/revisions"}],"predecessor-version":[{"id":105,"href":"http:\/\/mentoriaorganica.net\/portal\/wp-json\/wp\/v2\/pages\/25\/revisions\/105"}],"wp:featuredmedia":[{"embeddable":true,"href":"http:\/\/mentoriaorganica.net\/portal\/wp-json\/wp\/v2\/media\/74"}],"wp:attachment":[{"href":"http:\/\/mentoriaorganica.net\/portal\/wp-json\/wp\/v2\/media?parent=25"}],"curies":[{"name":"wp","href":"https:\/\/api.w.org\/{rel}","templated":true}]}}